{"id":577,"date":"2024-11-28T07:38:38","date_gmt":"2024-11-28T07:38:38","guid":{"rendered":"http:\/\/localhost:85\/neocasa\/?page_id=577"},"modified":"2026-02-18T00:20:09","modified_gmt":"2026-02-18T00:20:09","slug":"nosotros","status":"publish","type":"page","link":"https:\/\/neocasa.com.mx\/index.php\/nosotros\/","title":{"rendered":"Nosotros"},"content":{"rendered":"\t\t<div data-elementor-type=\"wp-page\" data-elementor-id=\"577\" class=\"elementor elementor-577\" data-elementor-post-type=\"page\">\n\t\t\t\t<div class=\"elementor-element elementor-element-f08def4 e-flex e-con-boxed e-con e-parent\" data-id=\"f08def4\" data-element_type=\"container\" data-settings=\"{&quot;background_background&quot;:&quot;classic&quot;}\">\n\t\t\t\t\t<div class=\"e-con-inner\">\n\t\t<div class=\"elementor-element elementor-element-fb75280 e-con-full e-flex e-con e-child\" data-id=\"fb75280\" data-element_type=\"container\">\n\t\t\t\t<div class=\"elementor-element elementor-element-d6124ac elementor-widget elementor-widget-heading\" data-id=\"d6124ac\" data-element_type=\"widget\" data-widget_type=\"heading.default\">\n\t\t\t\t<div class=\"elementor-widget-container\">\n\t\t\t\t\t<h1 class=\"elementor-heading-title elementor-size-default\">Acerca de Nuestros <span>Desarrollos<\/span><\/h1>\t\t\t\t<\/div>\n\t\t\t\t<\/div>\n\t\t\t\t<div class=\"elementor-element elementor-element-482c8cb elementor-widget elementor-widget-heading\" data-id=\"482c8cb\" data-element_type=\"widget\" data-widget_type=\"heading.default\">\n\t\t\t\t<div class=\"elementor-widget-container\">\n\t\t\t\t\t<h3 class=\"elementor-heading-title elementor-size-default\">En Neocasa, nos enorgullece presentar nuestros desarrollos inmobiliarios dise\u00f1ados para ofrecer una vida de confort.<\/h3>\t\t\t\t<\/div>\n\t\t\t\t<\/div>\n\t\t\t\t<div class=\"elementor-element elementor-element-d2d73ac elementor-widget elementor-widget-heading\" data-id=\"d2d73ac\" data-element_type=\"widget\" data-widget_type=\"heading.default\">\n\t\t\t\t<div class=\"elementor-widget-container\">\n\t\t\t\t\t<p class=\"elementor-heading-title elementor-size-default\">Cada desarrollo representa un compromiso inquebrantable con la excelencia, desde la selecci\u00f3n de ubicaciones hasta la planificaci\u00f3n meticulosa de cada detalle.<\/p>\t\t\t\t<\/div>\n\t\t\t\t<\/div>\n\t\t\t\t<div class=\"elementor-element elementor-element-8b4f3f1 elementor-widget elementor-widget-heading\" data-id=\"8b4f3f1\" data-element_type=\"widget\" data-widget_type=\"heading.default\">\n\t\t\t\t<div class=\"elementor-widget-container\">\n\t\t\t\t\t<p class=\"elementor-heading-title elementor-size-default\">Al elegir un desarrollo de Neocasa, no solo est\u00e1s invirtiendo en una propiedad de calidad superior, sino tambi\u00e9n en un estilo de vida incomparable.<\/p>\t\t\t\t<\/div>\n\t\t\t\t<\/div>\n\t\t\t\t<\/div>\n\t\t\t\t\t<\/div>\n\t\t\t\t<\/div>\n\t\t<div class=\"elementor-element elementor-element-c88a2ff e-con-full e-flex e-con e-parent\" data-id=\"c88a2ff\" data-element_type=\"container\">\n\t\t<div class=\"elementor-element elementor-element-7d4b0a7 e-con-full e-flex e-con e-child\" data-id=\"7d4b0a7\" data-element_type=\"container\" data-settings=\"{&quot;background_background&quot;:&quot;classic&quot;}\">\n\t\t\t\t<div class=\"elementor-element elementor-element-ca8d711 elementor-widget elementor-widget-heading\" data-id=\"ca8d711\" data-element_type=\"widget\" data-widget_type=\"heading.default\">\n\t\t\t\t<div class=\"elementor-widget-container\">\n\t\t\t\t\t<p class=\"elementor-heading-title elementor-size-default\">En <strong>Neocasa<\/strong>, no solamente nos dedicamos a construir y vender viviendas de la m\u00e1s alta calidad, tambi\u00e9n brindamos a cada cliente una experiencia ideal.<\/p>\t\t\t\t<\/div>\n\t\t\t\t<\/div>\n\t\t\t\t<div class=\"elementor-element elementor-element-e731f66 elementor-widget elementor-widget-heading\" data-id=\"e731f66\" data-element_type=\"widget\" data-widget_type=\"heading.default\">\n\t\t\t\t<div class=\"elementor-widget-container\">\n\t\t\t\t\t<p class=\"elementor-heading-title elementor-size-default\">Desde el contacto inicial, buscamos que seas atendido de la mejor manera y que esa atenci\u00f3n se extienda inclusive si ya est\u00e1s disfrutando las comodidades de tu nuevo hogar.<\/p>\t\t\t\t<\/div>\n\t\t\t\t<\/div>\n\t\t\t\t<\/div>\n\t\t<div class=\"elementor-element elementor-element-abc5923 e-con-full e-flex e-con e-child\" data-id=\"abc5923\" data-element_type=\"container\" data-settings=\"{&quot;background_background&quot;:&quot;classic&quot;}\">\n\t\t\t\t<\/div>\n\t\t\t\t<\/div>\n\t\t<div class=\"elementor-element elementor-element-b5897cd e-grid e-con-full e-con e-parent\" data-id=\"b5897cd\" data-element_type=\"container\">\n\t\t\t\t<div class=\"elementor-element elementor-element-0b96640 elementor-widget elementor-widget-text-editor\" data-id=\"0b96640\" data-element_type=\"widget\" data-widget_type=\"text-editor.default\">\n\t\t\t\t<div class=\"elementor-widget-container\">\n\t\t\t\t\t\t\t\t\t<h3><b style=\"color: inherit; font-family: inherit; font-size: 1.75rem; letter-spacing: -0.4px;\"><br><\/b><\/h3>\n<h3><b style=\"color: inherit; font-family: inherit; font-size: 1.75rem; letter-spacing: -0.4px;\">MISION<\/b><\/h3>\n<h6><b>Brindar la mejor experiencia de compra a nuestros clientes, construyendo hogares de calidad, con el talento de un equipo responsable y profesional.<\/b><\/h6>\t\t\t\t\t\t\t\t<\/div>\n\t\t\t\t<\/div>\n\t\t\t\t<div class=\"elementor-element elementor-element-8764c63 elementor-widget elementor-widget-text-editor\" data-id=\"8764c63\" data-element_type=\"widget\" data-widget_type=\"text-editor.default\">\n\t\t\t\t<div class=\"elementor-widget-container\">\n\t\t\t\t\t\t\t\t\t<h3><b style=\"color: inherit; font-family: inherit; font-size: 1.75rem; letter-spacing: 0px;\">\u00a0<\/b><\/h3><h3><b style=\"color: inherit; font-family: inherit; font-size: 1.75rem; letter-spacing: 0px;\">VISION<\/b><\/h3><h6>Consolidarnos como una desarrolladora de vivienda media m\u00e1s confiable y competitiva de Nuevo Le\u00f3n, ofreci\u00e9ndoles a nuestros clientes hogares de calidad y altos est\u00e1ndares de dise\u00f1o para su vida diaria. Garantizando una experiencia ideal que nos posicione como la opci\u00f3n preferida de vivienda media para la demanda de hogares de m\u00e1s de dos millones de pesos.<\/h6>\t\t\t\t\t\t\t\t<\/div>\n\t\t\t\t<\/div>\n\t\t\t\t<div class=\"elementor-element elementor-element-24ccfcc elementor-widget__width-inherit elementor-widget elementor-widget-text-editor\" data-id=\"24ccfcc\" data-element_type=\"widget\" data-widget_type=\"text-editor.default\">\n\t\t\t\t<div class=\"elementor-widget-container\">\n\t\t\t\t\t\t\t\t\t<h3><b style=\"color: inherit; font-family: inherit; font-size: 1.75rem;\">\u00a0<\/b><\/h3><h3><b style=\"color: inherit; font-family: inherit; font-size: 1.75rem;\">CULTURA<\/b><\/h3><h6><b>Participar activamente en desarrollar y cumplir con la estrategia de la organizaci\u00f3n a trav\u00e9s de una cultura de mejora continua, comunicaci\u00f3n, disciplina, control y responsabilidad compartida, aprovechando las oportunidades del mercado y cubriendo las necesidades del cliente, sin perder el enfoque a lograr rentabilidad, liquidez y sustentabilidad del negocio.<\/b><\/h6>\t\t\t\t\t\t\t\t<\/div>\n\t\t\t\t<\/div>\n\t\t\t\t<div class=\"elementor-element elementor-element-fb39b96 elementor-widget__width-inherit elementor-widget elementor-widget-text-editor\" data-id=\"fb39b96\" data-element_type=\"widget\" data-widget_type=\"text-editor.default\">\n\t\t\t\t<div class=\"elementor-widget-container\">\n\t\t\t\t\t\t\t\t\t<h3><b style=\"color: inherit; font-family: inherit; font-size: 1.75rem;\">\u00a0<\/b><\/h3><h3><b>VALORES<\/b><\/h3><h6><b>Principios \u00e9ticos IRH que definen nuestra identidad y gu\u00edan su funcionamiento influyendo en el comportamiento de quienes integramos la cultura IRH.<\/b><\/h6><h6><i><span style=\"background-color: transparent; color: inherit; font-family: inherit; letter-spacing: -0.4px;\">Integridad\u00a0<\/span><br \/><span style=\"background-color: transparent; color: inherit; font-family: inherit; letter-spacing: -0.4px;\">Responsabilidad<\/span><br \/><span style=\"background-color: transparent; color: inherit; font-family: inherit; letter-spacing: -0.4px;\">Respeto<\/span><br \/><span style=\"background-color: transparent; color: inherit; font-family: inherit; letter-spacing: -0.4px;\">Adaptabilidad e Innovaci\u00f3n<\/span><br \/><span style=\"background-color: transparent; color: inherit; font-family: inherit; letter-spacing: -0.4px;\">Trabajo en equipo<\/span><br \/><span style=\"background-color: transparent; color: inherit; font-family: inherit; letter-spacing: -0.4px;\">Excelencia<\/span><br \/><span style=\"background-color: transparent; color: inherit; font-family: inherit; letter-spacing: -0.4px;\">Sostenibilidad<\/span><br \/><span style=\"background-color: transparent; color: inherit; font-family: inherit; letter-spacing: -0.4px;\">Empat\u00eda<\/span><br \/><span style=\"background-color: transparent; color: inherit; font-family: inherit; letter-spacing: -0.4px;\">Confianza<\/span><\/i><\/h6>\t\t\t\t\t\t\t\t<\/div>\n\t\t\t\t<\/div>\n\t\t\t\t<\/div>\n\t\t<div class=\"elementor-element elementor-element-f1cadca e-flex e-con-boxed e-con e-parent\" data-id=\"f1cadca\" data-element_type=\"container\">\n\t\t\t\t\t<div class=\"e-con-inner\">\n\t\t\t\t\t<\/div>\n\t\t\t\t<\/div>\n\t\t<div class=\"elementor-element elementor-element-4f1449e0 e-con-full e-flex e-con e-parent\" data-id=\"4f1449e0\" data-element_type=\"container\" id=\"contacto\">\n\t\t<div class=\"elementor-element elementor-element-645d539c e-con-full e-flex e-con e-child\" data-id=\"645d539c\" data-element_type=\"container\" data-settings=\"{&quot;background_background&quot;:&quot;classic&quot;}\">\n\t\t\t\t<div class=\"elementor-element elementor-element-79e88ee3 elementor-widget elementor-widget-image\" data-id=\"79e88ee3\" data-element_type=\"widget\" data-widget_type=\"image.default\">\n\t\t\t\t<div class=\"elementor-widget-container\">\n\t\t\t\t\t\t\t\t\t\t\t\t\t\t\t<img fetchpriority=\"high\" decoding=\"async\" width=\"300\" height=\"300\" src=\"https:\/\/neocasa.com.mx\/wp-content\/uploads\/2024\/11\/icon-contacto.png\" class=\"attachment-large size-large wp-image-145\" alt=\"\" srcset=\"https:\/\/neocasa.com.mx\/wp-content\/uploads\/2024\/11\/icon-contacto.png 300w, https:\/\/neocasa.com.mx\/wp-content\/uploads\/2024\/11\/icon-contacto-150x150.png 150w\" sizes=\"(max-width: 300px) 100vw, 300px\" \/>\t\t\t\t\t\t\t\t\t\t\t\t\t\t\t<\/div>\n\t\t\t\t<\/div>\n\t\t\t\t<div class=\"elementor-element elementor-element-2904b5e0 elementor-widget elementor-widget-heading\" data-id=\"2904b5e0\" data-element_type=\"widget\" data-widget_type=\"heading.default\">\n\t\t\t\t<div class=\"elementor-widget-container\">\n\t\t\t\t\t<h2 class=\"elementor-heading-title elementor-size-default\">\u00a1Ponte en contacto<br>con Nosotros!<\/h2>\t\t\t\t<\/div>\n\t\t\t\t<\/div>\n\t\t<div class=\"elementor-element elementor-element-19741636 e-con-full e-flex e-con e-child\" data-id=\"19741636\" data-element_type=\"container\">\n\t\t<div class=\"elementor-element elementor-element-10d67e79 e-con-full e-flex e-con e-child\" data-id=\"10d67e79\" data-element_type=\"container\">\n\t\t\t\t<div class=\"elementor-element elementor-element-22d3876a elementor-widget elementor-widget-button\" data-id=\"22d3876a\" data-element_type=\"widget\" data-widget_type=\"button.default\">\n\t\t\t\t<div class=\"elementor-widget-container\">\n\t\t\t\t\t\t\t\t\t<div class=\"elementor-button-wrapper\">\n\t\t\t\t\t<a class=\"elementor-button elementor-button-link elementor-size-sm\" href=\"tel:8183578000\">\n\t\t\t\t\t\t<span class=\"elementor-button-content-wrapper\">\n\t\t\t\t\t\t<span class=\"elementor-button-icon\">\n\t\t\t\t<svg xmlns=\"http:\/\/www.w3.org\/2000\/svg\" width=\"21.8\" height=\"21.8\" viewBox=\"0 0 21.8 21.8\"><path d=\"M21.178,15.405l-4.769-2.044a1.022,1.022,0,0,0-1.192.294l-2.112,2.58A15.782,15.782,0,0,1,5.561,8.691l2.58-2.112a1.019,1.019,0,0,0,.294-1.192L6.391.618A1.029,1.029,0,0,0,5.22.026L.792,1.048a1.022,1.022,0,0,0-.792,1A19.754,19.754,0,0,0,19.756,21.8a1.022,1.022,0,0,0,1-.792l1.022-4.428a1.034,1.034,0,0,0-.6-1.175Z\" transform=\"translate(0 0)\" fill=\"#1a2431\"><\/path><\/svg>\t\t\t<\/span>\n\t\t\t\t\t\t\t\t\t<span class=\"elementor-button-text\">(81) 8357 8000<\/span>\n\t\t\t\t\t<\/span>\n\t\t\t\t\t<\/a>\n\t\t\t\t<\/div>\n\t\t\t\t\t\t\t\t<\/div>\n\t\t\t\t<\/div>\n\t\t\t\t<\/div>\n\t\t<div class=\"elementor-element elementor-element-5411cb1e e-con-full e-flex e-con e-child\" data-id=\"5411cb1e\" data-element_type=\"container\">\n\t\t\t\t<div class=\"elementor-element elementor-element-20113c10 elementor-widget elementor-widget-button\" data-id=\"20113c10\" data-element_type=\"widget\" data-widget_type=\"button.default\">\n\t\t\t\t<div class=\"elementor-widget-container\">\n\t\t\t\t\t\t\t\t\t<div class=\"elementor-button-wrapper\">\n\t\t\t\t\t<a class=\"elementor-button elementor-button-link elementor-size-sm\" href=\"https:\/\/wa.me\/8126011791\">\n\t\t\t\t\t\t<span class=\"elementor-button-content-wrapper\">\n\t\t\t\t\t\t<span class=\"elementor-button-icon\">\n\t\t\t\t<svg xmlns=\"http:\/\/www.w3.org\/2000\/svg\" width=\"26\" height=\"26\" viewBox=\"0 0 26 26\"><path d=\"M18.956,15.58c-.326-.163-1.914-.939-2.21-1.047s-.512-.162-.729.163-.835,1.044-1.023,1.259-.378.227-.7.081a8.792,8.792,0,0,1-2.6-1.609,9.829,9.829,0,0,1-1.8-2.242c-.188-.325-.021-.5.141-.666.147-.146.326-.374.489-.567a2.746,2.746,0,0,0,.322-.537.6.6,0,0,0-.027-.568c-.081-.163-.728-1.755-1-2.39s-.528-.553-.728-.553c-.186-.016-.4-.016-.619-.016a1.221,1.221,0,0,0-.863.389A3.617,3.617,0,0,0,6.476,9.959,6.339,6.339,0,0,0,7.8,13.29a14.445,14.445,0,0,0,5.525,4.859c.773.325,1.376.52,1.846.681a4.482,4.482,0,0,0,2.037.131,3.334,3.334,0,0,0,2.184-1.545,2.682,2.682,0,0,0,.195-1.544c-.08-.146-.292-.228-.618-.374m-5.9,8.063h-.017a10.837,10.837,0,0,1-5.476-1.5l-.39-.232L3.12,22.892l1.089-3.949-.259-.406A10.745,10.745,0,0,1,20.684,5.282a10.6,10.6,0,0,1,3.151,7.572A10.758,10.758,0,0,1,13.073,23.564M22.23,3.736A13.154,13.154,0,0,0,13.049,0,12.88,12.88,0,0,0,1.837,19.324L0,26l6.863-1.79a13.067,13.067,0,0,0,6.186,1.568h.007A12.935,12.935,0,0,0,26,12.891a12.777,12.777,0,0,0-3.786-9.112\" fill=\"#fff\"><\/path><\/svg>\t\t\t<\/span>\n\t\t\t\t\t\t\t\t\t<span class=\"elementor-button-text\">(81) 2601 1791<\/span>\n\t\t\t\t\t<\/span>\n\t\t\t\t\t<\/a>\n\t\t\t\t<\/div>\n\t\t\t\t\t\t\t\t<\/div>\n\t\t\t\t<\/div>\n\t\t\t\t<\/div>\n\t\t\t\t<\/div>\n\t\t\t\t<div class=\"elementor-element elementor-element-782624f1 elementor-widget elementor-widget-heading\" data-id=\"782624f1\" data-element_type=\"widget\" data-widget_type=\"heading.default\">\n\t\t\t\t<div class=\"elementor-widget-container\">\n\t\t\t\t\t<h2 class=\"elementor-heading-title elementor-size-default\"><strong>Horario de atenci\u00f3n:<\/strong><br>\nLunes a Viernes: 8:00 \u2013 18:00<br>\nS\u00e1bado: 9:00 \u2013 14:00<\/h2>\t\t\t\t<\/div>\n\t\t\t\t<\/div>\n\t\t\t\t<div class=\"elementor-element elementor-element-543b6c46 elementor-widget elementor-widget-html\" data-id=\"543b6c46\" data-element_type=\"widget\" data-widget_type=\"html.default\">\n\t\t\t\t<div class=\"elementor-widget-container\">\n\t\t\t\t\t<div style=\"width: 70px; height: 2px; background-color: #05ABEF;\"><\/div>\t\t\t\t<\/div>\n\t\t\t\t<\/div>\n\t\t\t\t<div class=\"elementor-element elementor-element-477ccba4 elementor-widget elementor-widget-heading\" data-id=\"477ccba4\" data-element_type=\"widget\" data-widget_type=\"heading.default\">\n\t\t\t\t<div class=\"elementor-widget-container\">\n\t\t\t\t\t<h2 class=\"elementor-heading-title elementor-size-default\"><strong>Estamos ubicados en:<\/strong><br>\nVenezuela 290, Vista Hermosa, 64620<br> Monterrey, N.L.<\/h2>\t\t\t\t<\/div>\n\t\t\t\t<\/div>\n\t\t\t\t<div class=\"elementor-element elementor-element-4f0df841 contact-sub-txt elementor-widget elementor-widget-heading\" data-id=\"4f0df841\" data-element_type=\"widget\" data-widget_type=\"heading.default\">\n\t\t\t\t<div class=\"elementor-widget-container\">\n\t\t\t\t\t<h2 class=\"elementor-heading-title elementor-size-default\">*En las operaciones de cr\u00e9dito el precio total se determinar\u00e1 en<br>funci\u00f3n de los montos variables de conceptos de cr\u00e9dito y<br>notariales que deben ser consultados con los promotores.<\/h2>\t\t\t\t<\/div>\n\t\t\t\t<\/div>\n\t\t\t\t<\/div>\n\t\t<div class=\"elementor-element elementor-element-d2070a2 e-con-full e-flex e-con e-child\" data-id=\"d2070a2\" data-element_type=\"container\" data-settings=\"{&quot;background_background&quot;:&quot;classic&quot;}\">\n\t\t\t\t<div class=\"elementor-element elementor-element-d7d14ee elementor-widget elementor-widget-heading\" data-id=\"d7d14ee\" data-element_type=\"widget\" data-widget_type=\"heading.default\">\n\t\t\t\t<div class=\"elementor-widget-container\">\n\t\t\t\t\t<h2 class=\"elementor-heading-title elementor-size-default\">Solicita informaci\u00f3n<\/h2>\t\t\t\t<\/div>\n\t\t\t\t<\/div>\n\t\t\t\t<div class=\"elementor-element elementor-element-d83d57b elementor-button-align-stretch elementor-widget elementor-widget-form\" data-id=\"d83d57b\" data-element_type=\"widget\" data-settings=\"{&quot;step_next_label&quot;:&quot;Next&quot;,&quot;step_previous_label&quot;:&quot;Previous&quot;,&quot;button_width&quot;:&quot;100&quot;,&quot;step_type&quot;:&quot;number_text&quot;,&quot;step_icon_shape&quot;:&quot;circle&quot;}\" data-widget_type=\"form.default\">\n\t\t\t\t<div class=\"elementor-widget-container\">\n\t\t\t\t\t\t\t<form class=\"elementor-form\" method=\"post\" name=\"New Form\">\n\t\t\t<input type=\"hidden\" name=\"post_id\" value=\"577\"\/>\n\t\t\t<input type=\"hidden\" name=\"form_id\" value=\"d83d57b\"\/>\n\t\t\t<input type=\"hidden\" name=\"referer_title\" value=\"Nosotros\" \/>\n\n\t\t\t\t\t\t\t<input type=\"hidden\" name=\"queried_id\" value=\"577\"\/>\n\t\t\t\n\t\t\t<div class=\"elementor-form-fields-wrapper elementor-labels-above\">\n\t\t\t\t\t\t\t\t<div class=\"elementor-field-type-text elementor-field-group elementor-column elementor-field-group-name elementor-col-50\">\n\t\t\t\t\t\t\t\t\t\t\t\t<label for=\"form-field-name\" class=\"elementor-field-label\">\n\t\t\t\t\t\t\t\tNombre\t\t\t\t\t\t\t<\/label>\n\t\t\t\t\t\t\t\t\t\t\t\t\t\t<input size=\"1\" type=\"text\" name=\"form_fields[name]\" id=\"form-field-name\" class=\"elementor-field elementor-size-md  elementor-field-textual\" placeholder=\"Nombre\">\n\t\t\t\t\t\t\t\t\t\t\t<\/div>\n\t\t\t\t\t\t\t\t<div class=\"elementor-field-type-text elementor-field-group elementor-column elementor-field-group-email elementor-col-50 elementor-field-required\">\n\t\t\t\t\t\t\t\t\t\t\t\t<label for=\"form-field-email\" class=\"elementor-field-label\">\n\t\t\t\t\t\t\t\tApellidos\t\t\t\t\t\t\t<\/label>\n\t\t\t\t\t\t\t\t\t\t\t\t\t\t<input size=\"1\" type=\"text\" name=\"form_fields[email]\" id=\"form-field-email\" class=\"elementor-field elementor-size-md  elementor-field-textual\" placeholder=\"Apellidos\" required=\"required\" aria-required=\"true\">\n\t\t\t\t\t\t\t\t\t\t\t<\/div>\n\t\t\t\t\t\t\t\t<div class=\"elementor-field-type-number elementor-field-group elementor-column elementor-field-group-field_08f3f5a elementor-col-50\">\n\t\t\t\t\t\t\t\t\t\t\t\t<label for=\"form-field-field_08f3f5a\" class=\"elementor-field-label\">\n\t\t\t\t\t\t\t\tTel\u00e9fono\t\t\t\t\t\t\t<\/label>\n\t\t\t\t\t\t\t\t\t<input type=\"number\" name=\"form_fields[field_08f3f5a]\" id=\"form-field-field_08f3f5a\" class=\"elementor-field elementor-size-md  elementor-field-textual\" placeholder=\"Tel\u00e9fono\" min=\"\" max=\"\" >\n\t\t\t\t\t\t<\/div>\n\t\t\t\t\t\t\t\t<div class=\"elementor-field-type-email elementor-field-group elementor-column elementor-field-group-field_43b43f7 elementor-col-50\">\n\t\t\t\t\t\t\t\t\t\t\t\t<label for=\"form-field-field_43b43f7\" class=\"elementor-field-label\">\n\t\t\t\t\t\t\t\tCorreo Electr\u00f3nico\t\t\t\t\t\t\t<\/label>\n\t\t\t\t\t\t\t\t\t\t\t\t\t\t<input size=\"1\" type=\"email\" name=\"form_fields[field_43b43f7]\" id=\"form-field-field_43b43f7\" class=\"elementor-field elementor-size-md  elementor-field-textual\" placeholder=\"Correo Electr\u00f3nico\">\n\t\t\t\t\t\t\t\t\t\t\t<\/div>\n\t\t\t\t\t\t\t\t<div class=\"elementor-field-type-text elementor-field-group elementor-column elementor-field-group-field_ace541c elementor-col-50\">\n\t\t\t\t\t\t\t\t\t\t\t\t<label for=\"form-field-field_ace541c\" class=\"elementor-field-label\">\n\t\t\t\t\t\t\t\tNSS\t\t\t\t\t\t\t<\/label>\n\t\t\t\t\t\t\t\t\t\t\t\t\t\t<input size=\"1\" type=\"text\" name=\"form_fields[field_ace541c]\" id=\"form-field-field_ace541c\" class=\"elementor-field elementor-size-md  elementor-field-textual\" placeholder=\"NSS\">\n\t\t\t\t\t\t\t\t\t\t\t<\/div>\n\t\t\t\t\t\t\t\t<div class=\"elementor-field-type-date elementor-field-group elementor-column elementor-field-group-field_4bf02f4 elementor-col-50\">\n\t\t\t\t\t\t\t\t\t\t\t\t<label for=\"form-field-field_4bf02f4\" class=\"elementor-field-label\">\n\t\t\t\t\t\t\t\tFecha de Nacimiento\t\t\t\t\t\t\t<\/label>\n\t\t\t\t\t\t\n\t\t<input type=\"date\" name=\"form_fields[field_4bf02f4]\" id=\"form-field-field_4bf02f4\" class=\"elementor-field elementor-size-md  elementor-field-textual elementor-date-field\" placeholder=\"Fecha de Nacimiento\" pattern=\"[0-9]{4}-[0-9]{2}-[0-9]{2}\">\n\t\t\t\t\t\t<\/div>\n\t\t\t\t\t\t\t\t<div class=\"elementor-field-type-select elementor-field-group elementor-column elementor-field-group-field_3cc657b elementor-col-100\">\n\t\t\t\t\t\t\t\t\t\t\t\t<label for=\"form-field-field_3cc657b\" class=\"elementor-field-label\">\n\t\t\t\t\t\t\t\t\u00bfEn qu\u00e9 zona te interesa?\t\t\t\t\t\t\t<\/label>\n\t\t\t\t\t\t\t\t<div class=\"elementor-field elementor-select-wrapper remove-before \">\n\t\t\t<div class=\"select-caret-down-wrapper\">\n\t\t\t\t<svg aria-hidden=\"true\" class=\"e-font-icon-svg e-eicon-caret-down\" viewBox=\"0 0 571.4 571.4\" xmlns=\"http:\/\/www.w3.org\/2000\/svg\"><path d=\"M571 393Q571 407 561 418L311 668Q300 679 286 679T261 668L11 418Q0 407 0 393T11 368 36 357H536Q550 357 561 368T571 393Z\"><\/path><\/svg>\t\t\t<\/div>\n\t\t\t<select name=\"form_fields[field_3cc657b]\" id=\"form-field-field_3cc657b\" class=\"elementor-field-textual elementor-size-md\">\n\t\t\t\t\t\t\t\t\t<option value=\"Zuazua\">Zuazua<\/option>\n\t\t\t\t\t\t\t\t\t<option value=\"Salinas Victoria\">Salinas Victoria<\/option>\n\t\t\t\t\t\t\t\t\t<option value=\"Ju\u00e1rez\">Ju\u00e1rez<\/option>\n\t\t\t\t\t\t\t\t\t<option value=\"Garc\u00eda\">Garc\u00eda<\/option>\n\t\t\t\t\t\t\t<\/select>\n\t\t<\/div>\n\t\t\t\t\t\t<\/div>\n\t\t\t\t\t\t\t\t<div class=\"elementor-field-type-textarea elementor-field-group elementor-column elementor-field-group-message elementor-col-100\">\n\t\t\t\t\t\t\t\t\t\t\t\t<label for=\"form-field-message\" class=\"elementor-field-label\">\n\t\t\t\t\t\t\t\tMensaje\t\t\t\t\t\t\t<\/label>\n\t\t\t\t\t\t<textarea class=\"elementor-field-textual elementor-field  elementor-size-md\" name=\"form_fields[message]\" id=\"form-field-message\" rows=\"4\" placeholder=\"Mensaje\"><\/textarea>\t\t\t\t<\/div>\n\t\t\t\t\t\t\t\t<div class=\"elementor-field-type-acceptance elementor-field-group elementor-column elementor-field-group-field_b781e33 elementor-col-100\">\n\t\t\t\t\t\t\t<div class=\"elementor-field-subgroup\">\n\t\t\t<span class=\"elementor-field-option\">\n\t\t\t\t<input type=\"checkbox\" name=\"form_fields[field_b781e33]\" id=\"form-field-field_b781e33\" class=\"elementor-field elementor-size-md  elementor-acceptance-field\">\n\t\t\t\t<label for=\"form-field-field_b781e33\"> Acepto el Aviso de Privacidad<\/label>\t\t\t<\/span>\n\t\t<\/div>\n\t\t\t\t\t\t<\/div>\n\t\t\t\t\t\t\t\t<div class=\"elementor-field-group elementor-column elementor-field-type-submit elementor-col-100 e-form__buttons\">\n\t\t\t\t\t<button class=\"elementor-button elementor-size-sm\" type=\"submit\">\n\t\t\t\t\t\t<span class=\"elementor-button-content-wrapper\">\n\t\t\t\t\t\t\t\t\t\t\t\t\t\t\t\t\t\t\t\t\t\t<span class=\"elementor-button-text\">Enviar<\/span>\n\t\t\t\t\t\t\t\t\t\t\t\t\t<\/span>\n\t\t\t\t\t<\/button>\n\t\t\t\t<\/div>\n\t\t\t<\/div>\n\t\t<\/form>\n\t\t\t\t\t\t<\/div>\n\t\t\t\t<\/div>\n\t\t\t\t<div class=\"elementor-element elementor-element-3ddee46 elementor-widget elementor-widget-heading\" data-id=\"3ddee46\" data-element_type=\"widget\" data-widget_type=\"heading.default\">\n\t\t\t\t<div class=\"elementor-widget-container\">\n\t\t\t\t\t<h2 class=\"elementor-heading-title elementor-size-default\">\u00bfTe interesa adquirir<br>una vivienda?<\/h2>\t\t\t\t<\/div>\n\t\t\t\t<\/div>\n\t\t\t\t<\/div>\n\t\t\t\t<\/div>\n\t\t\t\t<\/div>\n\t\t","protected":false},"excerpt":{"rendered":"<p>Acerca de Nuestros Desarrollos En Neocasa, nos enorgullece presentar nuestros desarrollos inmobiliarios dise\u00f1ados para ofrecer una vida de confort. Cada desarrollo representa un compromiso inquebrantable con la excelencia, desde la selecci\u00f3n de ubicaciones hasta la planificaci\u00f3n meticulosa de cada detalle. Al elegir un desarrollo de Neocasa, no solo est\u00e1s invirtiendo en una propiedad de calidad [&hellip;]<\/p>\n","protected":false},"author":1,"featured_media":0,"parent":0,"menu_order":0,"comment_status":"closed","ping_status":"closed","template":"","meta":{"footnotes":""},"class_list":["post-577","page","type-page","status-publish","hentry"],"_links":{"self":[{"href":"https:\/\/neocasa.com.mx\/index.php\/wp-json\/wp\/v2\/pages\/577","targetHints":{"allow":["GET"]}}],"collection":[{"href":"https:\/\/neocasa.com.mx\/index.php\/wp-json\/wp\/v2\/pages"}],"about":[{"href":"https:\/\/neocasa.com.mx\/index.php\/wp-json\/wp\/v2\/types\/page"}],"author":[{"embeddable":true,"href":"https:\/\/neocasa.com.mx\/index.php\/wp-json\/wp\/v2\/users\/1"}],"replies":[{"embeddable":true,"href":"https:\/\/neocasa.com.mx\/index.php\/wp-json\/wp\/v2\/comments?post=577"}],"version-history":[{"count":50,"href":"https:\/\/neocasa.com.mx\/index.php\/wp-json\/wp\/v2\/pages\/577\/revisions"}],"predecessor-version":[{"id":1096,"href":"https:\/\/neocasa.com.mx\/index.php\/wp-json\/wp\/v2\/pages\/577\/revisions\/1096"}],"wp:attachment":[{"href":"https:\/\/neocasa.com.mx\/index.php\/wp-json\/wp\/v2\/media?parent=577"}],"curies":[{"name":"wp","href":"https:\/\/api.w.org\/{rel}","templated":true}]}}