{"id":692,"date":"2025-08-22T00:56:23","date_gmt":"2025-08-22T00:56:23","guid":{"rendered":"https:\/\/neocasa.com.mx\/?page_id=692"},"modified":"2026-02-18T00:19:30","modified_gmt":"2026-02-18T00:19:30","slug":"contacto","status":"publish","type":"page","link":"https:\/\/neocasa.com.mx\/index.php\/contacto\/","title":{"rendered":"Contacto"},"content":{"rendered":"\t\t<div data-elementor-type=\"wp-page\" data-elementor-id=\"692\" class=\"elementor elementor-692\" data-elementor-post-type=\"page\">\n\t\t\t\t<div class=\"elementor-element elementor-element-08c33b5 e-flex e-con-boxed e-con e-parent\" data-id=\"08c33b5\" data-element_type=\"container\">\n\t\t\t\t\t<div class=\"e-con-inner\">\n\t\t\t\t<div class=\"elementor-element elementor-element-53413c0 elementor-widget elementor-widget-google_maps\" data-id=\"53413c0\" data-element_type=\"widget\" data-widget_type=\"google_maps.default\">\n\t\t\t\t<div class=\"elementor-widget-container\">\n\t\t\t\t\t\t\t<div class=\"elementor-custom-embed\">\n\t\t\t<iframe loading=\"lazy\"\n\t\t\t\t\tsrc=\"https:\/\/www.google.com\/maps\/embed\/v1\/place?key=AIzaSyC64FwRYXgI3_gw92R3vAp7n-zAymSUhWo&#038;q=Neocasa&#038;zoom=10\"\n\t\t\t\t\ttitle=\"Neocasa\"\n\t\t\t\t\taria-label=\"Neocasa\"\n\t\t\t><\/iframe>\n\t\t<\/div>\n\t\t\t\t\t\t<\/div>\n\t\t\t\t<\/div>\n\t\t\t\t\t<\/div>\n\t\t\t\t<\/div>\n\t\t<div class=\"elementor-element elementor-element-d7c3d40 e-flex e-con-boxed e-con e-parent\" data-id=\"d7c3d40\" data-element_type=\"container\">\n\t\t\t\t\t<div class=\"e-con-inner\">\n\t\t<div class=\"elementor-element elementor-element-cc59d4b e-con-full e-flex e-con e-child\" data-id=\"cc59d4b\" data-element_type=\"container\">\n\t\t<div class=\"elementor-element elementor-element-06fb2f7 e-con-full e-flex e-con e-child\" data-id=\"06fb2f7\" data-element_type=\"container\" data-settings=\"{&quot;background_background&quot;:&quot;classic&quot;}\">\n\t\t\t\t<div class=\"elementor-element elementor-element-f551050 elementor-widget elementor-widget-image\" data-id=\"f551050\" data-element_type=\"widget\" data-widget_type=\"image.default\">\n\t\t\t\t<div class=\"elementor-widget-container\">\n\t\t\t\t\t\t\t\t\t\t\t\t\t\t\t<img fetchpriority=\"high\" decoding=\"async\" width=\"300\" height=\"300\" src=\"https:\/\/neocasa.com.mx\/wp-content\/uploads\/2024\/11\/icon-contacto.png\" class=\"attachment-large size-large wp-image-145\" alt=\"\" srcset=\"https:\/\/neocasa.com.mx\/wp-content\/uploads\/2024\/11\/icon-contacto.png 300w, https:\/\/neocasa.com.mx\/wp-content\/uploads\/2024\/11\/icon-contacto-150x150.png 150w\" sizes=\"(max-width: 300px) 100vw, 300px\" \/>\t\t\t\t\t\t\t\t\t\t\t\t\t\t\t<\/div>\n\t\t\t\t<\/div>\n\t\t\t\t<div class=\"elementor-element elementor-element-5e0f215 elementor-widget elementor-widget-heading\" data-id=\"5e0f215\" data-element_type=\"widget\" data-widget_type=\"heading.default\">\n\t\t\t\t<div class=\"elementor-widget-container\">\n\t\t\t\t\t<h2 class=\"elementor-heading-title elementor-size-default\">\u00a1Ponte en contacto<br>con Nosotros!<\/h2>\t\t\t\t<\/div>\n\t\t\t\t<\/div>\n\t\t<div class=\"elementor-element elementor-element-da365ee e-con-full e-flex e-con e-child\" data-id=\"da365ee\" data-element_type=\"container\">\n\t\t<div class=\"elementor-element elementor-element-338a0f6 e-con-full e-flex e-con e-child\" data-id=\"338a0f6\" data-element_type=\"container\">\n\t\t\t\t<div class=\"elementor-element elementor-element-a7a92e9 elementor-widget elementor-widget-button\" data-id=\"a7a92e9\" data-element_type=\"widget\" data-widget_type=\"button.default\">\n\t\t\t\t<div class=\"elementor-widget-container\">\n\t\t\t\t\t\t\t\t\t<div class=\"elementor-button-wrapper\">\n\t\t\t\t\t<a class=\"elementor-button elementor-button-link elementor-size-sm\" href=\"tel:8183578000\">\n\t\t\t\t\t\t<span class=\"elementor-button-content-wrapper\">\n\t\t\t\t\t\t<span class=\"elementor-button-icon\">\n\t\t\t\t<svg xmlns=\"http:\/\/www.w3.org\/2000\/svg\" width=\"21.8\" height=\"21.8\" viewBox=\"0 0 21.8 21.8\"><path d=\"M21.178,15.405l-4.769-2.044a1.022,1.022,0,0,0-1.192.294l-2.112,2.58A15.782,15.782,0,0,1,5.561,8.691l2.58-2.112a1.019,1.019,0,0,0,.294-1.192L6.391.618A1.029,1.029,0,0,0,5.22.026L.792,1.048a1.022,1.022,0,0,0-.792,1A19.754,19.754,0,0,0,19.756,21.8a1.022,1.022,0,0,0,1-.792l1.022-4.428a1.034,1.034,0,0,0-.6-1.175Z\" transform=\"translate(0 0)\" fill=\"#1a2431\"><\/path><\/svg>\t\t\t<\/span>\n\t\t\t\t\t\t\t\t\t<span class=\"elementor-button-text\">(81) 8357 8000<\/span>\n\t\t\t\t\t<\/span>\n\t\t\t\t\t<\/a>\n\t\t\t\t<\/div>\n\t\t\t\t\t\t\t\t<\/div>\n\t\t\t\t<\/div>\n\t\t\t\t<\/div>\n\t\t<div class=\"elementor-element elementor-element-65d245e e-con-full e-flex e-con e-child\" data-id=\"65d245e\" data-element_type=\"container\">\n\t\t\t\t<div class=\"elementor-element elementor-element-2329f1c elementor-widget elementor-widget-button\" data-id=\"2329f1c\" data-element_type=\"widget\" data-widget_type=\"button.default\">\n\t\t\t\t<div class=\"elementor-widget-container\">\n\t\t\t\t\t\t\t\t\t<div class=\"elementor-button-wrapper\">\n\t\t\t\t\t<a class=\"elementor-button elementor-button-link elementor-size-sm\" href=\"https:\/\/wa.me\/8126011791\">\n\t\t\t\t\t\t<span class=\"elementor-button-content-wrapper\">\n\t\t\t\t\t\t<span class=\"elementor-button-icon\">\n\t\t\t\t<svg xmlns=\"http:\/\/www.w3.org\/2000\/svg\" width=\"26\" height=\"26\" viewBox=\"0 0 26 26\"><path d=\"M18.956,15.58c-.326-.163-1.914-.939-2.21-1.047s-.512-.162-.729.163-.835,1.044-1.023,1.259-.378.227-.7.081a8.792,8.792,0,0,1-2.6-1.609,9.829,9.829,0,0,1-1.8-2.242c-.188-.325-.021-.5.141-.666.147-.146.326-.374.489-.567a2.746,2.746,0,0,0,.322-.537.6.6,0,0,0-.027-.568c-.081-.163-.728-1.755-1-2.39s-.528-.553-.728-.553c-.186-.016-.4-.016-.619-.016a1.221,1.221,0,0,0-.863.389A3.617,3.617,0,0,0,6.476,9.959,6.339,6.339,0,0,0,7.8,13.29a14.445,14.445,0,0,0,5.525,4.859c.773.325,1.376.52,1.846.681a4.482,4.482,0,0,0,2.037.131,3.334,3.334,0,0,0,2.184-1.545,2.682,2.682,0,0,0,.195-1.544c-.08-.146-.292-.228-.618-.374m-5.9,8.063h-.017a10.837,10.837,0,0,1-5.476-1.5l-.39-.232L3.12,22.892l1.089-3.949-.259-.406A10.745,10.745,0,0,1,20.684,5.282a10.6,10.6,0,0,1,3.151,7.572A10.758,10.758,0,0,1,13.073,23.564M22.23,3.736A13.154,13.154,0,0,0,13.049,0,12.88,12.88,0,0,0,1.837,19.324L0,26l6.863-1.79a13.067,13.067,0,0,0,6.186,1.568h.007A12.935,12.935,0,0,0,26,12.891a12.777,12.777,0,0,0-3.786-9.112\" fill=\"#fff\"><\/path><\/svg>\t\t\t<\/span>\n\t\t\t\t\t\t\t\t\t<span class=\"elementor-button-text\">(81) 2601 1791<\/span>\n\t\t\t\t\t<\/span>\n\t\t\t\t\t<\/a>\n\t\t\t\t<\/div>\n\t\t\t\t\t\t\t\t<\/div>\n\t\t\t\t<\/div>\n\t\t\t\t<\/div>\n\t\t\t\t<\/div>\n\t\t\t\t<div class=\"elementor-element elementor-element-a08ba9c elementor-widget elementor-widget-heading\" data-id=\"a08ba9c\" data-element_type=\"widget\" data-widget_type=\"heading.default\">\n\t\t\t\t<div class=\"elementor-widget-container\">\n\t\t\t\t\t<h2 class=\"elementor-heading-title elementor-size-default\"><strong>Horario de atenci\u00f3n:<\/strong><br>\nLunes a Viernes: 8:00 \u2013 18:00<br>\nS\u00e1bado: 9:00 \u2013 14:00<\/h2>\t\t\t\t<\/div>\n\t\t\t\t<\/div>\n\t\t\t\t<div class=\"elementor-element elementor-element-8937941 elementor-widget elementor-widget-html\" data-id=\"8937941\" data-element_type=\"widget\" data-widget_type=\"html.default\">\n\t\t\t\t<div class=\"elementor-widget-container\">\n\t\t\t\t\t<div style=\"width: 70px; height: 2px; background-color: #05ABEF;\"><\/div>\t\t\t\t<\/div>\n\t\t\t\t<\/div>\n\t\t\t\t<div class=\"elementor-element elementor-element-f516e1b elementor-widget elementor-widget-heading\" data-id=\"f516e1b\" data-element_type=\"widget\" data-widget_type=\"heading.default\">\n\t\t\t\t<div class=\"elementor-widget-container\">\n\t\t\t\t\t<h2 class=\"elementor-heading-title elementor-size-default\"><strong>Estamos ubicados en:<\/strong><br>\nVenezuela 290, Vista Hermosa, 64620<br> Monterrey, N.L.<\/h2>\t\t\t\t<\/div>\n\t\t\t\t<\/div>\n\t\t\t\t<div class=\"elementor-element elementor-element-2be6b2a contact-sub-txt elementor-widget elementor-widget-heading\" data-id=\"2be6b2a\" data-element_type=\"widget\" data-widget_type=\"heading.default\">\n\t\t\t\t<div class=\"elementor-widget-container\">\n\t\t\t\t\t<h2 class=\"elementor-heading-title elementor-size-default\">*En las operaciones de cr\u00e9dito el precio total se determinar\u00e1 en<br>funci\u00f3n de los montos variables de conceptos de cr\u00e9dito y<br>notariales que deben ser consultados con los promotores.<\/h2>\t\t\t\t<\/div>\n\t\t\t\t<\/div>\n\t\t\t\t<\/div>\n\t\t<div class=\"elementor-element elementor-element-8dff6c3 e-con-full e-flex e-con e-child\" data-id=\"8dff6c3\" data-element_type=\"container\" data-settings=\"{&quot;background_background&quot;:&quot;classic&quot;}\">\n\t\t\t\t<div class=\"elementor-element elementor-element-22eccc4 elementor-widget elementor-widget-heading\" data-id=\"22eccc4\" data-element_type=\"widget\" data-widget_type=\"heading.default\">\n\t\t\t\t<div class=\"elementor-widget-container\">\n\t\t\t\t\t<h2 class=\"elementor-heading-title elementor-size-default\">Solicita informaci\u00f3n<\/h2>\t\t\t\t<\/div>\n\t\t\t\t<\/div>\n\t\t\t\t<div class=\"elementor-element elementor-element-c8ba50c elementor-button-align-stretch elementor-widget elementor-widget-form\" data-id=\"c8ba50c\" data-element_type=\"widget\" data-settings=\"{&quot;step_next_label&quot;:&quot;Next&quot;,&quot;step_previous_label&quot;:&quot;Previous&quot;,&quot;button_width&quot;:&quot;100&quot;,&quot;step_type&quot;:&quot;number_text&quot;,&quot;step_icon_shape&quot;:&quot;circle&quot;}\" data-widget_type=\"form.default\">\n\t\t\t\t<div class=\"elementor-widget-container\">\n\t\t\t\t\t\t\t<form class=\"elementor-form\" method=\"post\" name=\"New Form\">\n\t\t\t<input type=\"hidden\" name=\"post_id\" value=\"692\"\/>\n\t\t\t<input type=\"hidden\" name=\"form_id\" value=\"c8ba50c\"\/>\n\t\t\t<input type=\"hidden\" name=\"referer_title\" value=\"Contacto\" \/>\n\n\t\t\t\t\t\t\t<input type=\"hidden\" name=\"queried_id\" value=\"692\"\/>\n\t\t\t\n\t\t\t<div class=\"elementor-form-fields-wrapper elementor-labels-above\">\n\t\t\t\t\t\t\t\t<div class=\"elementor-field-type-text elementor-field-group elementor-column elementor-field-group-name elementor-col-50\">\n\t\t\t\t\t\t\t\t\t\t\t\t<label for=\"form-field-name\" class=\"elementor-field-label\">\n\t\t\t\t\t\t\t\tNombre\t\t\t\t\t\t\t<\/label>\n\t\t\t\t\t\t\t\t\t\t\t\t\t\t<input size=\"1\" type=\"text\" name=\"form_fields[name]\" id=\"form-field-name\" class=\"elementor-field elementor-size-md  elementor-field-textual\" placeholder=\"Nombre\">\n\t\t\t\t\t\t\t\t\t\t\t<\/div>\n\t\t\t\t\t\t\t\t<div class=\"elementor-field-type-text elementor-field-group elementor-column elementor-field-group-email elementor-col-50 elementor-field-required\">\n\t\t\t\t\t\t\t\t\t\t\t\t<label for=\"form-field-email\" class=\"elementor-field-label\">\n\t\t\t\t\t\t\t\tApellidos\t\t\t\t\t\t\t<\/label>\n\t\t\t\t\t\t\t\t\t\t\t\t\t\t<input size=\"1\" type=\"text\" name=\"form_fields[email]\" id=\"form-field-email\" class=\"elementor-field elementor-size-md  elementor-field-textual\" placeholder=\"Apellidos\" required=\"required\" aria-required=\"true\">\n\t\t\t\t\t\t\t\t\t\t\t<\/div>\n\t\t\t\t\t\t\t\t<div class=\"elementor-field-type-number elementor-field-group elementor-column elementor-field-group-field_08f3f5a elementor-col-50\">\n\t\t\t\t\t\t\t\t\t\t\t\t<label for=\"form-field-field_08f3f5a\" class=\"elementor-field-label\">\n\t\t\t\t\t\t\t\tTel\u00e9fono\t\t\t\t\t\t\t<\/label>\n\t\t\t\t\t\t\t\t\t<input type=\"number\" name=\"form_fields[field_08f3f5a]\" id=\"form-field-field_08f3f5a\" class=\"elementor-field elementor-size-md  elementor-field-textual\" placeholder=\"Tel\u00e9fono\" min=\"\" max=\"\" >\n\t\t\t\t\t\t<\/div>\n\t\t\t\t\t\t\t\t<div class=\"elementor-field-type-email elementor-field-group elementor-column elementor-field-group-field_43b43f7 elementor-col-50\">\n\t\t\t\t\t\t\t\t\t\t\t\t<label for=\"form-field-field_43b43f7\" class=\"elementor-field-label\">\n\t\t\t\t\t\t\t\tCorreo Electr\u00f3nico\t\t\t\t\t\t\t<\/label>\n\t\t\t\t\t\t\t\t\t\t\t\t\t\t<input size=\"1\" type=\"email\" name=\"form_fields[field_43b43f7]\" id=\"form-field-field_43b43f7\" class=\"elementor-field elementor-size-md  elementor-field-textual\" placeholder=\"Correo Electr\u00f3nico\">\n\t\t\t\t\t\t\t\t\t\t\t<\/div>\n\t\t\t\t\t\t\t\t<div class=\"elementor-field-type-text elementor-field-group elementor-column elementor-field-group-field_ace541c elementor-col-50\">\n\t\t\t\t\t\t\t\t\t\t\t\t<label for=\"form-field-field_ace541c\" class=\"elementor-field-label\">\n\t\t\t\t\t\t\t\tNSS\t\t\t\t\t\t\t<\/label>\n\t\t\t\t\t\t\t\t\t\t\t\t\t\t<input size=\"1\" type=\"text\" name=\"form_fields[field_ace541c]\" id=\"form-field-field_ace541c\" class=\"elementor-field elementor-size-md  elementor-field-textual\" placeholder=\"NSS\">\n\t\t\t\t\t\t\t\t\t\t\t<\/div>\n\t\t\t\t\t\t\t\t<div class=\"elementor-field-type-date elementor-field-group elementor-column elementor-field-group-field_4bf02f4 elementor-col-50\">\n\t\t\t\t\t\t\t\t\t\t\t\t<label for=\"form-field-field_4bf02f4\" class=\"elementor-field-label\">\n\t\t\t\t\t\t\t\tFecha de Nacimiento\t\t\t\t\t\t\t<\/label>\n\t\t\t\t\t\t\n\t\t<input type=\"date\" name=\"form_fields[field_4bf02f4]\" id=\"form-field-field_4bf02f4\" class=\"elementor-field elementor-size-md  elementor-field-textual elementor-date-field\" placeholder=\"Fecha de Nacimiento\" pattern=\"[0-9]{4}-[0-9]{2}-[0-9]{2}\">\n\t\t\t\t\t\t<\/div>\n\t\t\t\t\t\t\t\t<div class=\"elementor-field-type-select elementor-field-group elementor-column elementor-field-group-field_3cc657b elementor-col-100\">\n\t\t\t\t\t\t\t\t\t\t\t\t<label for=\"form-field-field_3cc657b\" class=\"elementor-field-label\">\n\t\t\t\t\t\t\t\t\u00bfEn qu\u00e9 zona te interesa?\t\t\t\t\t\t\t<\/label>\n\t\t\t\t\t\t\t\t<div class=\"elementor-field elementor-select-wrapper remove-before \">\n\t\t\t<div class=\"select-caret-down-wrapper\">\n\t\t\t\t<svg aria-hidden=\"true\" class=\"e-font-icon-svg e-eicon-caret-down\" viewBox=\"0 0 571.4 571.4\" xmlns=\"http:\/\/www.w3.org\/2000\/svg\"><path d=\"M571 393Q571 407 561 418L311 668Q300 679 286 679T261 668L11 418Q0 407 0 393T11 368 36 357H536Q550 357 561 368T571 393Z\"><\/path><\/svg>\t\t\t<\/div>\n\t\t\t<select name=\"form_fields[field_3cc657b]\" id=\"form-field-field_3cc657b\" class=\"elementor-field-textual elementor-size-md\">\n\t\t\t\t\t\t\t\t\t<option value=\"Zuazua\">Zuazua<\/option>\n\t\t\t\t\t\t\t\t\t<option value=\"Salinas Victoria\">Salinas Victoria<\/option>\n\t\t\t\t\t\t\t\t\t<option value=\"Ju\u00e1rez\">Ju\u00e1rez<\/option>\n\t\t\t\t\t\t\t\t\t<option value=\"Garc\u00eda\">Garc\u00eda<\/option>\n\t\t\t\t\t\t\t<\/select>\n\t\t<\/div>\n\t\t\t\t\t\t<\/div>\n\t\t\t\t\t\t\t\t<div class=\"elementor-field-type-textarea elementor-field-group elementor-column elementor-field-group-message elementor-col-100\">\n\t\t\t\t\t\t\t\t\t\t\t\t<label for=\"form-field-message\" class=\"elementor-field-label\">\n\t\t\t\t\t\t\t\tMensaje\t\t\t\t\t\t\t<\/label>\n\t\t\t\t\t\t<textarea class=\"elementor-field-textual elementor-field  elementor-size-md\" name=\"form_fields[message]\" id=\"form-field-message\" rows=\"4\" placeholder=\"Mensaje\"><\/textarea>\t\t\t\t<\/div>\n\t\t\t\t\t\t\t\t<div class=\"elementor-field-type-acceptance elementor-field-group elementor-column elementor-field-group-field_b781e33 elementor-col-100\">\n\t\t\t\t\t\t\t<div class=\"elementor-field-subgroup\">\n\t\t\t<span class=\"elementor-field-option\">\n\t\t\t\t<input type=\"checkbox\" name=\"form_fields[field_b781e33]\" id=\"form-field-field_b781e33\" class=\"elementor-field elementor-size-md  elementor-acceptance-field\">\n\t\t\t\t<label for=\"form-field-field_b781e33\"> Acepto el Aviso de Privacidad<\/label>\t\t\t<\/span>\n\t\t<\/div>\n\t\t\t\t\t\t<\/div>\n\t\t\t\t\t\t\t\t<div class=\"elementor-field-group elementor-column elementor-field-type-submit elementor-col-100 e-form__buttons\">\n\t\t\t\t\t<button class=\"elementor-button elementor-size-sm\" type=\"submit\">\n\t\t\t\t\t\t<span class=\"elementor-button-content-wrapper\">\n\t\t\t\t\t\t\t\t\t\t\t\t\t\t\t\t\t\t\t\t\t\t<span class=\"elementor-button-text\">Enviar<\/span>\n\t\t\t\t\t\t\t\t\t\t\t\t\t<\/span>\n\t\t\t\t\t<\/button>\n\t\t\t\t<\/div>\n\t\t\t<\/div>\n\t\t<\/form>\n\t\t\t\t\t\t<\/div>\n\t\t\t\t<\/div>\n\t\t\t\t<div class=\"elementor-element elementor-element-fd2ec22 elementor-widget elementor-widget-heading\" data-id=\"fd2ec22\" data-element_type=\"widget\" data-widget_type=\"heading.default\">\n\t\t\t\t<div class=\"elementor-widget-container\">\n\t\t\t\t\t<h2 class=\"elementor-heading-title elementor-size-default\">\u00bfTe interesa adquirir<br>una vivienda?<\/h2>\t\t\t\t<\/div>\n\t\t\t\t<\/div>\n\t\t\t\t<\/div>\n\t\t\t\t<\/div>\n\t\t\t\t<div class=\"elementor-element elementor-element-1ad179d elementor-widget__width-inherit elementor-absolute elementor-widget elementor-widget-image\" data-id=\"1ad179d\" data-element_type=\"widget\" data-settings=\"{&quot;_position&quot;:&quot;absolute&quot;}\" data-widget_type=\"image.default\">\n\t\t\t\t<div class=\"elementor-widget-container\">\n\t\t\t\t\t\t\t\t\t\t\t\t\t\t\t\t<a href=\"https:\/\/www.google.com\/maps\/place\/Neocasa\/@25.6898137,-100.3564109,17z\/data=!3m1!4b1!4m6!3m5!1s0x8662bfaa5863c267:0x6a1c3af9f66a11fa!8m2!3d25.6898137!4d-100.3564109!16s%2Fg%2F11csp8xkyp?entry=ttu&#038;g_ep=EgoyMDI1MDgxOS4wIKXMDSoASAFQAw%3D%3D\">\n\t\t\t\t\t\t\t<img decoding=\"async\" width=\"300\" height=\"300\" src=\"https:\/\/neocasa.com.mx\/wp-content\/uploads\/2024\/11\/icon-location.png\" class=\"attachment-large size-large wp-image-195\" alt=\"\" srcset=\"https:\/\/neocasa.com.mx\/wp-content\/uploads\/2024\/11\/icon-location.png 300w, https:\/\/neocasa.com.mx\/wp-content\/uploads\/2024\/11\/icon-location-150x150.png 150w\" sizes=\"(max-width: 300px) 100vw, 300px\" \/>\t\t\t\t\t\t\t\t<\/a>\n\t\t\t\t\t\t\t\t\t\t\t\t\t\t\t<\/div>\n\t\t\t\t<\/div>\n\t\t\t\t\t<\/div>\n\t\t\t\t<\/div>\n\t\t\t\t<\/div>\n\t\t","protected":false},"excerpt":{"rendered":"<p>\u00a1Ponte en contactocon Nosotros! (81) 8357 8000 (81) 2601 1791 Horario de atenci\u00f3n: Lunes a Viernes: 8:00 \u2013 18:00 S\u00e1bado: 9:00 \u2013 14:00 Estamos ubicados en: Venezuela 290, Vista Hermosa, 64620 Monterrey, N.L. *En las operaciones de cr\u00e9dito el precio total se determinar\u00e1 enfunci\u00f3n de los montos variables de conceptos de cr\u00e9dito ynotariales que deben [&hellip;]<\/p>\n","protected":false},"author":2,"featured_media":0,"parent":0,"menu_order":0,"comment_status":"closed","ping_status":"closed","template":"","meta":{"footnotes":""},"class_list":["post-692","page","type-page","status-publish","hentry"],"_links":{"self":[{"href":"https:\/\/neocasa.com.mx\/index.php\/wp-json\/wp\/v2\/pages\/692","targetHints":{"allow":["GET"]}}],"collection":[{"href":"https:\/\/neocasa.com.mx\/index.php\/wp-json\/wp\/v2\/pages"}],"about":[{"href":"https:\/\/neocasa.com.mx\/index.php\/wp-json\/wp\/v2\/types\/page"}],"author":[{"embeddable":true,"href":"https:\/\/neocasa.com.mx\/index.php\/wp-json\/wp\/v2\/users\/2"}],"replies":[{"embeddable":true,"href":"https:\/\/neocasa.com.mx\/index.php\/wp-json\/wp\/v2\/comments?post=692"}],"version-history":[{"count":29,"href":"https:\/\/neocasa.com.mx\/index.php\/wp-json\/wp\/v2\/pages\/692\/revisions"}],"predecessor-version":[{"id":1093,"href":"https:\/\/neocasa.com.mx\/index.php\/wp-json\/wp\/v2\/pages\/692\/revisions\/1093"}],"wp:attachment":[{"href":"https:\/\/neocasa.com.mx\/index.php\/wp-json\/wp\/v2\/media?parent=692"}],"curies":[{"name":"wp","href":"https:\/\/api.w.org\/{rel}","templated":true}]}}